{"id":157,"date":"2020-08-25T03:29:56","date_gmt":"2020-08-25T03:29:56","guid":{"rendered":"https:\/\/airpharmasa.com\/?page_id=157"},"modified":"2023-07-06T19:47:25","modified_gmt":"2023-07-06T19:47:25","slug":"servicios","status":"publish","type":"page","link":"https:\/\/airpharmasa.com\/?page_id=157","title":{"rendered":"Servicios"},"content":{"rendered":"\t\t<div data-elementor-type=\"wp-page\" data-elementor-id=\"157\" class=\"elementor elementor-157\">\n\t\t\t\t\t\t\t\t\t<section class=\"elementor-section elementor-top-section elementor-element elementor-element-750ce8d elementor-section-boxed elementor-section-height-default elementor-section-height-default\" data-id=\"750ce8d\" data-element_type=\"section\" data-settings=\"{&quot;background_background&quot;:&quot;classic&quot;}\">\n\t\t\t\t\t\t<div class=\"elementor-container elementor-column-gap-no\">\n\t\t\t\t\t<div class=\"elementor-column elementor-col-100 elementor-top-column elementor-element elementor-element-5392e4d\" data-id=\"5392e4d\" data-element_type=\"column\">\n\t\t\t<div class=\"elementor-widget-wrap elementor-element-populated\">\n\t\t\t\t\t\t\t\t<div class=\"elementor-element elementor-element-950ab56 elementor-widget__width-initial elementor-widget elementor-widget-heading\" data-id=\"950ab56\" data-element_type=\"widget\" data-widget_type=\"heading.default\">\n\t\t\t\t<div class=\"elementor-widget-container\">\n\t\t\t<style>\/*! elementor - v3.14.0 - 26-06-2023 *\/\n.elementor-heading-title{padding:0;margin:0;line-height:1}.elementor-widget-heading .elementor-heading-title[class*=elementor-size-]>a{color:inherit;font-size:inherit;line-height:inherit}.elementor-widget-heading .elementor-heading-title.elementor-size-small{font-size:15px}.elementor-widget-heading .elementor-heading-title.elementor-size-medium{font-size:19px}.elementor-widget-heading .elementor-heading-title.elementor-size-large{font-size:29px}.elementor-widget-heading .elementor-heading-title.elementor-size-xl{font-size:39px}.elementor-widget-heading .elementor-heading-title.elementor-size-xxl{font-size:59px}<\/style><h1 class=\"elementor-heading-title elementor-size-default\">Nuestros Servicios<\/h1>\t\t<\/div>\n\t\t\t\t<\/div>\n\t\t\t\t<div class=\"elementor-element elementor-element-8063b88 elementor-widget__width-initial elementor-widget elementor-widget-text-editor\" data-id=\"8063b88\" data-element_type=\"widget\" data-widget_type=\"text-editor.default\">\n\t\t\t\t<div class=\"elementor-widget-container\">\n\t\t\t<style>\/*! elementor - v3.14.0 - 26-06-2023 *\/\n.elementor-widget-text-editor.elementor-drop-cap-view-stacked .elementor-drop-cap{background-color:#69727d;color:#fff}.elementor-widget-text-editor.elementor-drop-cap-view-framed .elementor-drop-cap{color:#69727d;border:3px solid;background-color:transparent}.elementor-widget-text-editor:not(.elementor-drop-cap-view-default) .elementor-drop-cap{margin-top:8px}.elementor-widget-text-editor:not(.elementor-drop-cap-view-default) .elementor-drop-cap-letter{width:1em;height:1em}.elementor-widget-text-editor .elementor-drop-cap{float:left;text-align:center;line-height:1;font-size:50px}.elementor-widget-text-editor .elementor-drop-cap-letter{display:inline-block}<\/style>\t\t\t\t<h4>Ofrecemos productos y servicios de la mejor calidad, que cumplen con la normatividad vigente y los requerimientos de nuestros clientes.\u00a0<\/h4>\t\t\t\t\t\t<\/div>\n\t\t\t\t<\/div>\n\t\t\t\t\t<\/div>\n\t\t<\/div>\n\t\t\t\t\t\t\t<\/div>\n\t\t<\/section>\n\t\t\t\t<section class=\"elementor-section elementor-top-section elementor-element elementor-element-3342711 elementor-section-boxed elementor-section-height-default elementor-section-height-default\" data-id=\"3342711\" data-element_type=\"section\">\n\t\t\t\t\t\t<div class=\"elementor-container elementor-column-gap-no\">\n\t\t\t\t\t<div class=\"elementor-column elementor-col-33 elementor-top-column elementor-element elementor-element-78d3798\" data-id=\"78d3798\" data-element_type=\"column\" data-settings=\"{&quot;background_background&quot;:&quot;classic&quot;}\">\n\t\t\t<div class=\"elementor-widget-wrap elementor-element-populated\">\n\t\t\t\t\t\t\t\t<div class=\"elementor-element elementor-element-d4b7cd3 elementor-widget elementor-widget-image\" data-id=\"d4b7cd3\" data-element_type=\"widget\" data-widget_type=\"image.default\">\n\t\t\t\t<div class=\"elementor-widget-container\">\n\t\t\t<style>\/*! elementor - v3.14.0 - 26-06-2023 *\/\n.elementor-widget-image{text-align:center}.elementor-widget-image a{display:inline-block}.elementor-widget-image a img[src$=\".svg\"]{width:48px}.elementor-widget-image img{vertical-align:middle;display:inline-block}<\/style>\t\t\t\t\t\t\t\t\t\t\t\t<img decoding=\"async\" width=\"344\" height=\"258\" src=\"https:\/\/airpharmasa.com\/wp-content\/uploads\/2023\/07\/Ingenieria-min.jpg\" class=\"attachment-full size-full wp-image-579\" alt=\"\" loading=\"lazy\" srcset=\"https:\/\/airpharmasa.com\/wp-content\/uploads\/2023\/07\/Ingenieria-min.jpg 344w, https:\/\/airpharmasa.com\/wp-content\/uploads\/2023\/07\/Ingenieria-min-300x225.jpg 300w\" sizes=\"(max-width: 344px) 100vw, 344px\" \/>\t\t\t\t\t\t\t\t\t\t\t\t\t\t\t<\/div>\n\t\t\t\t<\/div>\n\t\t\t\t<div class=\"elementor-element elementor-element-683deaf elementor-widget elementor-widget-heading\" data-id=\"683deaf\" data-element_type=\"widget\" data-widget_type=\"heading.default\">\n\t\t\t\t<div class=\"elementor-widget-container\">\n\t\t\t<h3 class=\"elementor-heading-title elementor-size-default\">Ingenier\u00eda<\/h3>\t\t<\/div>\n\t\t\t\t<\/div>\n\t\t\t\t<div class=\"elementor-element elementor-element-887679d elementor-widget__width-initial elementor-widget elementor-widget-text-editor\" data-id=\"887679d\" data-element_type=\"widget\" data-widget_type=\"text-editor.default\">\n\t\t\t\t<div class=\"elementor-widget-container\">\n\t\t\t\t\t\t\t<ul><li>Sistemas HVAC ISO clase 5.\u00a0<\/li><li>Colecci\u00f3n de polvos.<\/li><li>Extracci\u00f3n de aire.\u00a0<\/li><li>Ventilaci\u00f3n con aire filtrado.<\/li><li>Control Inteligente.<\/li><\/ul>\t\t\t\t\t\t<\/div>\n\t\t\t\t<\/div>\n\t\t\t\t\t<\/div>\n\t\t<\/div>\n\t\t\t\t<div class=\"elementor-column elementor-col-33 elementor-top-column elementor-element elementor-element-7246c32\" data-id=\"7246c32\" data-element_type=\"column\" data-settings=\"{&quot;background_background&quot;:&quot;classic&quot;}\">\n\t\t\t<div class=\"elementor-widget-wrap elementor-element-populated\">\n\t\t\t\t\t\t\t\t<div class=\"elementor-element elementor-element-3d8da38 elementor-widget elementor-widget-image\" data-id=\"3d8da38\" data-element_type=\"widget\" data-widget_type=\"image.default\">\n\t\t\t\t<div class=\"elementor-widget-container\">\n\t\t\t\t\t\t\t\t\t\t\t\t\t\t\t<img decoding=\"async\" width=\"500\" height=\"375\" src=\"https:\/\/airpharmasa.com\/wp-content\/uploads\/2023\/05\/Serv-Mantenimiento-min.jpg\" class=\"attachment-full size-full wp-image-510\" alt=\"\" loading=\"lazy\" srcset=\"https:\/\/airpharmasa.com\/wp-content\/uploads\/2023\/05\/Serv-Mantenimiento-min.jpg 500w, https:\/\/airpharmasa.com\/wp-content\/uploads\/2023\/05\/Serv-Mantenimiento-min-300x225.jpg 300w\" sizes=\"(max-width: 500px) 100vw, 500px\" \/>\t\t\t\t\t\t\t\t\t\t\t\t\t\t\t<\/div>\n\t\t\t\t<\/div>\n\t\t\t\t<div class=\"elementor-element elementor-element-dff7272 elementor-widget elementor-widget-heading\" data-id=\"dff7272\" data-element_type=\"widget\" data-widget_type=\"heading.default\">\n\t\t\t\t<div class=\"elementor-widget-container\">\n\t\t\t<h3 class=\"elementor-heading-title elementor-size-default\"><span style=\"color: var(--ast-global-color-2); font-size: 1.5rem; background-color: var( --e-global-color-astglobalcolor5 );\">Servicio de Mantenimiento<\/span><\/h3>\t\t<\/div>\n\t\t\t\t<\/div>\n\t\t\t\t<div class=\"elementor-element elementor-element-f9607c3 elementor-widget elementor-widget-text-editor\" data-id=\"f9607c3\" data-element_type=\"widget\" data-widget_type=\"text-editor.default\">\n\t\t\t\t<div class=\"elementor-widget-container\">\n\t\t\t\t\t\t\t<div><ul style=\"font-size: 16px; font-style: normal; font-weight: 400;\"><li style=\"font-size: 16px;\">Reparaci\u00f3n de equipos de aire acondicionado.\u00a0<\/li><li style=\"font-size: 16px;\"><span style=\"font-style: inherit; font-weight: inherit; background-color: var( --e-global-color-astglobalcolor5 ); color: var(--ast-global-color-3);\">Reparaci\u00f3n de extractores.\u00a0<\/span><\/li><li style=\"font-size: 16px;\">Mantenimientos preventivos programados.\u00a0<\/li><li style=\"font-size: 16px;\">Instalaci\u00f3n de filtros terminales y filtros en general.<\/li><li style=\"font-size: 16px;\">Balanceo de \u00e1reas (Flujos de aire y presiones diferenciales).\u00a0<\/li><\/ul><\/div>\t\t\t\t\t\t<\/div>\n\t\t\t\t<\/div>\n\t\t\t\t\t<\/div>\n\t\t<\/div>\n\t\t\t\t<div class=\"elementor-column elementor-col-33 elementor-top-column elementor-element elementor-element-5b2736f\" data-id=\"5b2736f\" data-element_type=\"column\" data-settings=\"{&quot;background_background&quot;:&quot;classic&quot;}\">\n\t\t\t<div class=\"elementor-widget-wrap elementor-element-populated\">\n\t\t\t\t\t\t\t\t<div class=\"elementor-element elementor-element-b672b42 elementor-widget elementor-widget-image\" data-id=\"b672b42\" data-element_type=\"widget\" data-widget_type=\"image.default\">\n\t\t\t\t<div class=\"elementor-widget-container\">\n\t\t\t\t\t\t\t\t\t\t\t\t\t\t\t<img decoding=\"async\" width=\"344\" height=\"258\" src=\"https:\/\/airpharmasa.com\/wp-content\/uploads\/2023\/07\/Pruebas-de-Sistemas-HVAC-1.jpg\" class=\"attachment-full size-full wp-image-583\" alt=\"\" loading=\"lazy\" srcset=\"https:\/\/airpharmasa.com\/wp-content\/uploads\/2023\/07\/Pruebas-de-Sistemas-HVAC-1.jpg 344w, https:\/\/airpharmasa.com\/wp-content\/uploads\/2023\/07\/Pruebas-de-Sistemas-HVAC-1-300x225.jpg 300w\" sizes=\"(max-width: 344px) 100vw, 344px\" \/>\t\t\t\t\t\t\t\t\t\t\t\t\t\t\t<\/div>\n\t\t\t\t<\/div>\n\t\t\t\t<div class=\"elementor-element elementor-element-ac14a68 elementor-widget elementor-widget-heading\" data-id=\"ac14a68\" data-element_type=\"widget\" data-widget_type=\"heading.default\">\n\t\t\t\t<div class=\"elementor-widget-container\">\n\t\t\t<h3 class=\"elementor-heading-title elementor-size-default\">Pruebas de los Sistemas HVAC<\/h3>\t\t<\/div>\n\t\t\t\t<\/div>\n\t\t\t\t<div class=\"elementor-element elementor-element-74145ad elementor-widget elementor-widget-text-editor\" data-id=\"74145ad\" data-element_type=\"widget\" data-widget_type=\"text-editor.default\">\n\t\t\t\t<div class=\"elementor-widget-container\">\n\t\t\t\t\t\t\t<ul><li>Pruebas de hermeticidad en ductos.<\/li><li>Protocolos de arranque de equipos.\u00a0<\/li><li>Balanceo de flujos de aire y presiones diferenciales.\u00a0<\/li><li>Cambios de aire.\u00a0<\/li><\/ul>\t\t\t\t\t\t<\/div>\n\t\t\t\t<\/div>\n\t\t\t\t\t<\/div>\n\t\t<\/div>\n\t\t\t\t\t\t\t<\/div>\n\t\t<\/section>\n\t\t\t\t<section class=\"elementor-section elementor-top-section elementor-element elementor-element-cdcc40a elementor-section-boxed elementor-section-height-default elementor-section-height-default\" data-id=\"cdcc40a\" data-element_type=\"section\">\n\t\t\t\t\t\t<div class=\"elementor-container elementor-column-gap-no\">\n\t\t\t\t\t<div class=\"elementor-column elementor-col-33 elementor-top-column elementor-element elementor-element-3a20ae3\" data-id=\"3a20ae3\" data-element_type=\"column\" data-settings=\"{&quot;background_background&quot;:&quot;classic&quot;}\">\n\t\t\t<div class=\"elementor-widget-wrap elementor-element-populated\">\n\t\t\t\t\t\t\t\t<div class=\"elementor-element elementor-element-3547318 elementor-widget elementor-widget-image\" data-id=\"3547318\" data-element_type=\"widget\" data-widget_type=\"image.default\">\n\t\t\t\t<div class=\"elementor-widget-container\">\n\t\t\t\t\t\t\t\t\t\t\t\t\t\t\t<img decoding=\"async\" width=\"344\" height=\"258\" src=\"https:\/\/airpharmasa.com\/wp-content\/uploads\/2023\/07\/Instalacion-de-equipos-1.jpg\" class=\"attachment-full size-full wp-image-587\" alt=\"\" loading=\"lazy\" srcset=\"https:\/\/airpharmasa.com\/wp-content\/uploads\/2023\/07\/Instalacion-de-equipos-1.jpg 344w, https:\/\/airpharmasa.com\/wp-content\/uploads\/2023\/07\/Instalacion-de-equipos-1-300x225.jpg 300w\" sizes=\"(max-width: 344px) 100vw, 344px\" \/>\t\t\t\t\t\t\t\t\t\t\t\t\t\t\t<\/div>\n\t\t\t\t<\/div>\n\t\t\t\t<div class=\"elementor-element elementor-element-f3337bf elementor-widget elementor-widget-heading\" data-id=\"f3337bf\" data-element_type=\"widget\" data-widget_type=\"heading.default\">\n\t\t\t\t<div class=\"elementor-widget-container\">\n\t\t\t<h3 class=\"elementor-heading-title elementor-size-default\">Instalaci\u00f3n de Equipo<\/h3>\t\t<\/div>\n\t\t\t\t<\/div>\n\t\t\t\t<div class=\"elementor-element elementor-element-2b5f1fd elementor-widget__width-initial elementor-widget elementor-widget-text-editor\" data-id=\"2b5f1fd\" data-element_type=\"widget\" data-widget_type=\"text-editor.default\">\n\t\t\t\t<div class=\"elementor-widget-container\">\n\t\t\t\t\t\t\t<ul><li>Unidades manejadoras de aire.\u00a0\u00a0<\/li><li>Bancos de filtraci\u00f3n.<\/li><li>Enfriadores (Chiller).\u00a0<\/li><li>Colectores de polvo.<\/li><li>Extractores.<\/li><li>Equipo de control inteligente.\u00a0<\/li><\/ul>\t\t\t\t\t\t<\/div>\n\t\t\t\t<\/div>\n\t\t\t\t\t<\/div>\n\t\t<\/div>\n\t\t\t\t<div class=\"elementor-column elementor-col-33 elementor-top-column elementor-element elementor-element-44fa793\" data-id=\"44fa793\" data-element_type=\"column\" data-settings=\"{&quot;background_background&quot;:&quot;classic&quot;}\">\n\t\t\t<div class=\"elementor-widget-wrap elementor-element-populated\">\n\t\t\t\t\t\t\t\t<div class=\"elementor-element elementor-element-b2e9d1b elementor-widget elementor-widget-image\" data-id=\"b2e9d1b\" data-element_type=\"widget\" data-widget_type=\"image.default\">\n\t\t\t\t<div class=\"elementor-widget-container\">\n\t\t\t\t\t\t\t\t\t\t\t\t\t\t\t<img decoding=\"async\" width=\"344\" height=\"258\" src=\"https:\/\/airpharmasa.com\/wp-content\/uploads\/2023\/07\/Control-y-automatizacion-min-1.jpg\" class=\"attachment-full size-full wp-image-572\" alt=\"\" loading=\"lazy\" srcset=\"https:\/\/airpharmasa.com\/wp-content\/uploads\/2023\/07\/Control-y-automatizacion-min-1.jpg 344w, https:\/\/airpharmasa.com\/wp-content\/uploads\/2023\/07\/Control-y-automatizacion-min-1-300x225.jpg 300w\" sizes=\"(max-width: 344px) 100vw, 344px\" \/>\t\t\t\t\t\t\t\t\t\t\t\t\t\t\t<\/div>\n\t\t\t\t<\/div>\n\t\t\t\t<div class=\"elementor-element elementor-element-3cbb719 elementor-widget elementor-widget-heading\" data-id=\"3cbb719\" data-element_type=\"widget\" data-widget_type=\"heading.default\">\n\t\t\t\t<div class=\"elementor-widget-container\">\n\t\t\t<h3 class=\"elementor-heading-title elementor-size-default\">Control y Automatizaci\u00f3n <\/h3>\t\t<\/div>\n\t\t\t\t<\/div>\n\t\t\t\t<div class=\"elementor-element elementor-element-758fa9f elementor-widget elementor-widget-text-editor\" data-id=\"758fa9f\" data-element_type=\"widget\" data-widget_type=\"text-editor.default\">\n\t\t\t\t<div class=\"elementor-widget-container\">\n\t\t\t\t\t\t\t<ul><li>Temperatura.<\/li><li>Humedad relativa.<\/li><li>Presi\u00f3n diferencial.\u00a0<\/li><li>Variadores de frecuencia.<\/li><li>V\u00e1lvulas modulantes de agua caliente, helada, vapor, etc.<\/li><\/ul>\t\t\t\t\t\t<\/div>\n\t\t\t\t<\/div>\n\t\t\t\t\t<\/div>\n\t\t<\/div>\n\t\t\t\t<div class=\"elementor-column elementor-col-33 elementor-top-column elementor-element elementor-element-7cb01c6\" data-id=\"7cb01c6\" data-element_type=\"column\" data-settings=\"{&quot;background_background&quot;:&quot;classic&quot;}\">\n\t\t\t<div class=\"elementor-widget-wrap elementor-element-populated\">\n\t\t\t\t\t\t\t\t<div class=\"elementor-element elementor-element-f13e5bf elementor-widget elementor-widget-image\" data-id=\"f13e5bf\" data-element_type=\"widget\" data-widget_type=\"image.default\">\n\t\t\t\t<div class=\"elementor-widget-container\">\n\t\t\t\t\t\t\t\t\t\t\t\t\t\t\t<img decoding=\"async\" width=\"344\" height=\"258\" src=\"https:\/\/airpharmasa.com\/wp-content\/uploads\/2023\/07\/Asesoria-1.jpg\" class=\"attachment-full size-full wp-image-575\" alt=\"\" loading=\"lazy\" srcset=\"https:\/\/airpharmasa.com\/wp-content\/uploads\/2023\/07\/Asesoria-1.jpg 344w, https:\/\/airpharmasa.com\/wp-content\/uploads\/2023\/07\/Asesoria-1-300x225.jpg 300w\" sizes=\"(max-width: 344px) 100vw, 344px\" \/>\t\t\t\t\t\t\t\t\t\t\t\t\t\t\t<\/div>\n\t\t\t\t<\/div>\n\t\t\t\t<div class=\"elementor-element elementor-element-bb57186 elementor-widget elementor-widget-heading\" data-id=\"bb57186\" data-element_type=\"widget\" data-widget_type=\"heading.default\">\n\t\t\t\t<div class=\"elementor-widget-container\">\n\t\t\t<h3 class=\"elementor-heading-title elementor-size-default\">Asesor\u00eda<\/h3>\t\t<\/div>\n\t\t\t\t<\/div>\n\t\t\t\t<div class=\"elementor-element elementor-element-856c179 elementor-widget elementor-widget-text-editor\" data-id=\"856c179\" data-element_type=\"widget\" data-widget_type=\"text-editor.default\">\n\t\t\t\t<div class=\"elementor-widget-container\">\n\t\t\t\t\t\t\t<ul><li>Asesor\u00eda en instalaci\u00f3n y operaci\u00f3n de sistemas HVAC.\u00a0<\/li><li>Estimados de inversi\u00f3n.\u00a0<\/li><li>Revisi\u00f3n, estudios y adaptaci\u00f3n de instalaciones existentes.\u00a0<\/li><\/ul>\t\t\t\t\t\t<\/div>\n\t\t\t\t<\/div>\n\t\t\t\t\t<\/div>\n\t\t<\/div>\n\t\t\t\t\t\t\t<\/div>\n\t\t<\/section>\n\t\t\t\t<section class=\"elementor-section elementor-top-section elementor-element elementor-element-357da12 elementor-section-boxed elementor-section-height-default elementor-section-height-default\" data-id=\"357da12\" data-element_type=\"section\">\n\t\t\t\t\t\t<div class=\"elementor-container elementor-column-gap-no\">\n\t\t\t\t\t<div class=\"elementor-column elementor-col-100 elementor-top-column elementor-element elementor-element-c7674a8\" data-id=\"c7674a8\" data-element_type=\"column\" data-settings=\"{&quot;background_background&quot;:&quot;classic&quot;}\">\n\t\t\t<div class=\"elementor-widget-wrap elementor-element-populated\">\n\t\t\t\t\t\t\t\t<div class=\"elementor-element elementor-element-5cd7955 elementor-widget elementor-widget-image\" data-id=\"5cd7955\" data-element_type=\"widget\" data-widget_type=\"image.default\">\n\t\t\t\t<div class=\"elementor-widget-container\">\n\t\t\t\t\t\t\t\t\t\t\t\t\t\t\t<img decoding=\"async\" width=\"500\" height=\"297\" src=\"https:\/\/airpharmasa.com\/wp-content\/uploads\/2023\/05\/Manejadora-inicio-1.jpg\" class=\"attachment-full size-full wp-image-425\" alt=\"\" loading=\"lazy\" srcset=\"https:\/\/airpharmasa.com\/wp-content\/uploads\/2023\/05\/Manejadora-inicio-1.jpg 500w, https:\/\/airpharmasa.com\/wp-content\/uploads\/2023\/05\/Manejadora-inicio-1-300x178.jpg 300w\" sizes=\"(max-width: 500px) 100vw, 500px\" \/>\t\t\t\t\t\t\t\t\t\t\t\t\t\t\t<\/div>\n\t\t\t\t<\/div>\n\t\t\t\t<div class=\"elementor-element elementor-element-c1be7cb elementor-widget elementor-widget-heading\" data-id=\"c1be7cb\" data-element_type=\"widget\" data-widget_type=\"heading.default\">\n\t\t\t\t<div class=\"elementor-widget-container\">\n\t\t\t<h3 class=\"elementor-heading-title elementor-size-default\"><span style=\"color: var(--ast-global-color-2); font-size: 1.5rem; background-color: var( --e-global-color-astglobalcolor5 );\">Fabricaci\u00f3n de Equipos<\/span><\/h3>\t\t<\/div>\n\t\t\t\t<\/div>\n\t\t\t\t<div class=\"elementor-element elementor-element-f64a9ad elementor-widget__width-initial elementor-widget elementor-widget-text-editor\" data-id=\"f64a9ad\" data-element_type=\"widget\" data-widget_type=\"text-editor.default\">\n\t\t\t\t<div class=\"elementor-widget-container\">\n\t\t\t\t\t\t\t<ul><li style=\"font-size: 16px; font-style: normal; font-weight: 400;\">Fabricaci\u00f3n de UMA&#8217;s.<\/li><li style=\"font-size: 16px; font-style: normal; font-weight: 400;\">Bancos de filtraci\u00f3n.<\/li><li style=\"font-size: 16px; font-style: normal; font-weight: 400;\">Colecci\u00f3n de Polvos.<\/li><li style=\"font-size: 16px; font-style: normal; font-weight: 400;\">Pass-Through.<\/li><li style=\"font-size: 16px; font-style: normal; font-weight: 400;\">Flujos laminares en acero inoxidable.<\/li><li style=\"font-size: 16px; font-style: normal; font-weight: 400;\">Gabinetes para filtro terminal en acero inoxidable.<\/li><li style=\"font-size: 16px; font-style: normal; font-weight: 400;\">Tableros de inoxidable para man\u00f3metros de presi\u00f3n diferencial.<\/li><\/ul>\t\t\t\t\t\t<\/div>\n\t\t\t\t<\/div>\n\t\t\t\t\t<\/div>\n\t\t<\/div>\n\t\t\t\t\t\t\t<\/div>\n\t\t<\/section>\n\t\t\t\t\t\t\t<\/div>\n\t\t","protected":false},"excerpt":{"rendered":"<p>Nuestros Servicios Ofrecemos productos y servicios de la mejor calidad, que cumplen con la normatividad vigente y los requerimientos de nuestros clientes.\u00a0 Ingenier\u00eda Sistemas HVAC ISO clase 5.\u00a0 Colecci\u00f3n de polvos. Extracci\u00f3n de aire.\u00a0 Ventilaci\u00f3n con aire filtrado. Control Inteligente. Servicio de Mantenimiento Reparaci\u00f3n de equipos de aire acondicionado.\u00a0 Reparaci\u00f3n de extractores.\u00a0 Mantenimientos preventivos programados.\u00a0 &hellip;<\/p>\n<p class=\"read-more\"> <a class=\"\" href=\"https:\/\/airpharmasa.com\/?page_id=157\"> <span class=\"screen-reader-text\">Servicios<\/span> Leer m\u00e1s &raquo;<\/a><\/p>\n","protected":false},"author":1,"featured_media":0,"parent":0,"menu_order":0,"comment_status":"closed","ping_status":"closed","template":"","meta":{"site-sidebar-layout":"no-sidebar","site-content-layout":"page-builder","ast-global-header-display":"","ast-banner-title-visibility":"","ast-main-header-display":"","ast-hfb-above-header-display":"","ast-hfb-below-header-display":"","ast-hfb-mobile-header-display":"","site-post-title":"disabled","ast-breadcrumbs-content":"","ast-featured-img":"disabled","footer-sml-layout":"","theme-transparent-header-meta":"enabled","adv-header-id-meta":"","stick-header-meta":"","header-above-stick-meta":"","header-main-stick-meta":"","header-below-stick-meta":""},"_links":{"self":[{"href":"https:\/\/airpharmasa.com\/index.php?rest_route=\/wp\/v2\/pages\/157"}],"collection":[{"href":"https:\/\/airpharmasa.com\/index.php?rest_route=\/wp\/v2\/pages"}],"about":[{"href":"https:\/\/airpharmasa.com\/index.php?rest_route=\/wp\/v2\/types\/page"}],"author":[{"embeddable":true,"href":"https:\/\/airpharmasa.com\/index.php?rest_route=\/wp\/v2\/users\/1"}],"replies":[{"embeddable":true,"href":"https:\/\/airpharmasa.com\/index.php?rest_route=%2Fwp%2Fv2%2Fcomments&post=157"}],"version-history":[{"count":53,"href":"https:\/\/airpharmasa.com\/index.php?rest_route=\/wp\/v2\/pages\/157\/revisions"}],"predecessor-version":[{"id":593,"href":"https:\/\/airpharmasa.com\/index.php?rest_route=\/wp\/v2\/pages\/157\/revisions\/593"}],"wp:attachment":[{"href":"https:\/\/airpharmasa.com\/index.php?rest_route=%2Fwp%2Fv2%2Fmedia&parent=157"}],"curies":[{"name":"wp","href":"https:\/\/api.w.org\/{rel}","templated":true}]}}